{"id":376,"date":"2021-09-28T10:22:24","date_gmt":"2021-09-28T08:22:24","guid":{"rendered":"https:\/\/legal-compliance.cat\/?page_id=376"},"modified":"2021-09-28T13:13:05","modified_gmt":"2021-09-28T11:13:05","slug":"compliance-normativo","status":"publish","type":"page","link":"https:\/\/legal-compliance.cat\/es\/compliance-normativo\/","title":{"rendered":"COMPLIANCE NORMATIVO"},"content":{"rendered":"<p><div class=\"fusion-fullwidth fullwidth-box fusion-builder-row-1 fusion-flex-container nonhundred-percent-fullwidth non-hundred-percent-height-scrolling\" style=\"background-color: rgba(255,255,255,0);background-position: center center;background-repeat: no-repeat;border-width: 0px 0px 0px 0px;border-color:#e2e2e2;border-style:solid;\" ><div class=\"fusion-builder-row fusion-row fusion-flex-align-items-flex-start\" style=\"max-width:1248px;margin-left: calc(-4% \/ 2 );margin-right: calc(-4% \/ 2 );\"><div class=\"fusion-layout-column fusion_builder_column fusion-builder-column-0 fusion_builder_column_1_2 1_2 fusion-flex-column fusion-animated\" data-animationType=\"slideInLeft\" data-animationDuration=\"1.0\" data-animationOffset=\"top-into-view\"><div class=\"fusion-column-wrapper fusion-flex-justify-content-flex-start fusion-content-layout-column\" style=\"background-position:left top;background-repeat:no-repeat;-webkit-background-size:cover;-moz-background-size:cover;-o-background-size:cover;background-size:cover;padding: 0px 0px 0px 0px;\"><div class=\"fusion-text fusion-text-1\" style=\"font-size:20px;line-height:32px;\"><p class=\"p1\">El<strong> Compliance Normativo<\/strong> es el concepto de excelencia en la gesti\u00f3n de procesos claves del gobierno corporativo <i>(Governance),<\/i> gesti\u00f3n de riesgo (<i>risk management)<\/i> y cumplimiento <i>(Compliance).<\/i><\/p>\n<\/div><div class=\"fusion-text fusion-text-2\" style=\"color:#6c1136;\"><p class=\"p1\"><b>ISO 37301:2020 La nueva norma certificable sobre Sistemas de Compliance<\/b><\/p>\n<\/div><\/div><style type=\"text\/css\">.fusion-body .fusion-builder-column-0{width:50% !important;margin-top : 0px;margin-bottom : 20px;}.fusion-builder-column-0 > .fusion-column-wrapper {padding-top : 0px !important;padding-right : 0px !important;margin-right : 3.84%;padding-bottom : 0px !important;padding-left : 0px !important;margin-left : 3.84%;}@media only screen and (max-width:1024px) {.fusion-body .fusion-builder-column-0{width:50% !important;order : 0;}.fusion-builder-column-0 > .fusion-column-wrapper {margin-right : 3.84%;margin-left : 3.84%;}}@media only screen and (max-width:640px) {.fusion-body .fusion-builder-column-0{width:100% !important;order : 0;}.fusion-builder-column-0 > .fusion-column-wrapper {margin-right : 1.92%;margin-left : 1.92%;}}<\/style><\/div><\/div><style type=\"text\/css\">.fusion-body .fusion-flex-container.fusion-builder-row-1{ padding-top : 0px;margin-top : 0px;padding-right : 0px;padding-bottom : 75px;margin-bottom : 0px;padding-left : 0px;}<\/style><\/div><div class=\"fusion-bg-parallax\" data-bg-align=\"center center\" data-direction=\"up\" data-mute=\"false\" data-opacity=\"100\" data-velocity=\"-0.3\" data-mobile-enabled=\"true\" data-break_parents=\"0\" data-bg-image=\"https:\/\/legal-compliance.cat\/wp-content\/uploads\/2021\/09\/signing-legal-document-PSE9PFT-scaled.jpg\" data-bg-repeat=\"false\" data-blend-mode=\"multiply\" data-bg-gradient-type=\"linear\" data-bg-gradient-angle=\"337\" data-bg-gradient-start-color=\"#6c1136\" data-bg-gradient-start-position=\"0\" data-bg-gradient-end-color=\"rgba(108,17,54,0.21)\" data-bg-gradient-end-position=\"100\" data-bg-radial-direction=\"center center\" ><\/div><div class=\"fusion-fullwidth fullwidth-box fusion-builder-row-2 fusion-flex-container fusion-parallax-up nonhundred-percent-fullwidth non-hundred-percent-height-scrolling\" style=\"background-color: rgba(108,17,54,0);background-image: url(&quot;https:\/\/legal-compliance.cat\/wp-content\/uploads\/2021\/09\/signing-legal-document-PSE9PFT-scaled.jpg&quot;);background-image:linear-gradient(337deg, #6c1136 0%,rgba(108,17,54,0.21) 100%),url(https:\/\/legal-compliance.cat\/wp-content\/uploads\/2021\/09\/signing-legal-document-PSE9PFT-scaled.jpg);background-position: center center;background-repeat: no-repeat;background-blend-mode: multiply;border-width: 0px 0px 0px 0px;border-color:#e2e2e2;border-style:solid;-webkit-background-size:cover;-moz-background-size:cover;-o-background-size:cover;background-size:cover;\" ><div class=\"fusion-builder-row fusion-row fusion-flex-align-items-flex-start\" style=\"max-width:1248px;margin-left: calc(-4% \/ 2 );margin-right: calc(-4% \/ 2 );\"><div class=\"fusion-layout-column fusion_builder_column fusion-builder-column-1 fusion_builder_column_1_2 1_2 fusion-flex-column\"><div class=\"fusion-column-wrapper fusion-flex-justify-content-flex-start fusion-content-layout-column\" style=\"background-position:left top;background-repeat:no-repeat;-webkit-background-size:cover;-moz-background-size:cover;-o-background-size:cover;background-size:cover;padding: 0px 0px 0px 0px;\"><\/div><style type=\"text\/css\">.fusion-body .fusion-builder-column-1{width:50% !important;margin-top : 0px;margin-bottom : 20px;}.fusion-builder-column-1 > .fusion-column-wrapper {padding-top : 0px !important;padding-right : 0px !important;margin-right : 3.84%;padding-bottom : 0px !important;padding-left : 0px !important;margin-left : 3.84%;}@media only screen and (max-width:1024px) {.fusion-body .fusion-builder-column-1{width:50% !important;order : 0;}.fusion-builder-column-1 > .fusion-column-wrapper {margin-right : 3.84%;margin-left : 3.84%;}}@media only screen and (max-width:640px) {.fusion-body .fusion-builder-column-1{width:100% !important;order : 0;}.fusion-builder-column-1 > .fusion-column-wrapper {margin-right : 1.92%;margin-left : 1.92%;}}<\/style><\/div><div class=\"fusion-layout-column fusion_builder_column fusion-builder-column-2 fusion_builder_column_1_2 1_2 fusion-flex-column fusion-animated\" data-animationType=\"fadeInUp\" data-animationDuration=\"1.0\" data-animationOffset=\"top-into-view\"><div class=\"fusion-column-wrapper fusion-flex-justify-content-flex-start fusion-content-layout-column\" style=\"background-position:left top;background-repeat:no-repeat;-webkit-background-size:cover;-moz-background-size:cover;-o-background-size:cover;background-size:cover;padding: 0px 0px 0px 0px;\"><style type=\"text\/css\">@media only screen and (max-width:1024px) {.fusion-title.fusion-title-1{margin-top:10px!important; margin-right:0px!important;margin-bottom:15px!important;margin-left:0px!important;}}@media only screen and (max-width:640px) {.fusion-title.fusion-title-1{margin-top:10px!important; margin-right:0px!important;margin-bottom:10px!important; margin-left:0px!important;}}<\/style><div class=\"fusion-title title fusion-title-1 fusion-sep-none fusion-title-text fusion-title-size-three\" style=\"margin-top:10px;margin-right:0px;margin-bottom:15px;margin-left:0px;\"><h3 class=\"title-heading-left\" style=\"margin:0;color:#ffffff;\">El Sistema de Gesti\u00f3n de Compliance\u00a0<\/h3><\/div><div class=\"fusion-text fusion-text-3\" style=\"color:#ffffff;\"><p class=\"p1\">abordar\u00e1 de manera proactiva los riesgos relevantes para la organizaci\u00f3n a la vez que garantiza el cumplimiento de m\u00faltiples requisitos regulatorios.<\/p>\n<\/div><\/div><style type=\"text\/css\">.fusion-body .fusion-builder-column-2{width:50% !important;margin-top : 0px;margin-bottom : 20px;}.fusion-builder-column-2 > .fusion-column-wrapper {padding-top : 0px !important;padding-right : 0px !important;margin-right : 3.84%;padding-bottom : 0px !important;padding-left : 0px !important;margin-left : 3.84%;}@media only screen and (max-width:1024px) {.fusion-body .fusion-builder-column-2{width:50% !important;order : 0;}.fusion-builder-column-2 > .fusion-column-wrapper {margin-right : 3.84%;margin-left : 3.84%;}}@media only screen and (max-width:640px) {.fusion-body .fusion-builder-column-2{width:100% !important;order : 0;}.fusion-builder-column-2 > .fusion-column-wrapper {margin-right : 1.92%;margin-left : 1.92%;}}<\/style><\/div><\/div><style type=\"text\/css\">.fusion-body .fusion-flex-container.fusion-builder-row-2{ padding-top : 200px;margin-top : 0px;padding-right : 0px;padding-bottom : 200px;margin-bottom : 0px;padding-left : 0px;}<\/style><\/div><div class=\"fusion-fullwidth fullwidth-box fusion-builder-row-3 fusion-flex-container nonhundred-percent-fullwidth non-hundred-percent-height-scrolling\" style=\"background-color: rgba(255,255,255,0);background-image:radial-gradient(circle at center center, rgba(255,255,255,0.43) 0%,#ffffff 100%);background-position: center center;background-repeat: no-repeat;border-width: 0px 0px 0px 0px;border-color:#e2e2e2;border-style:solid;\" ><div class=\"fusion-builder-row fusion-row fusion-flex-align-items-flex-start\" style=\"max-width:1248px;margin-left: calc(-4% \/ 2 );margin-right: calc(-4% \/ 2 );\"><div class=\"fusion-layout-column fusion_builder_column fusion-builder-column-3 fusion_builder_column_1_2 1_2 fusion-flex-column fusion-animated\" data-animationType=\"slideInLeft\" data-animationDuration=\"1.0\" data-animationOffset=\"top-into-view\"><div class=\"fusion-column-wrapper fusion-flex-justify-content-flex-start fusion-content-layout-column\" style=\"background-position:left top;background-repeat:no-repeat;-webkit-background-size:cover;-moz-background-size:cover;-o-background-size:cover;background-size:cover;padding: 0px 0px 0px 0px;\"><div class=\"fusion-text fusion-text-4\" style=\"font-size:20px;line-height:30px;color:#6c1136;\"><p class=\"p1\"><strong>El Sistema de Gesti\u00f3n de Compliance cubrir\u00e1 las principales fuentes de obligaciones de una organizaci\u00f3n, precisando identificarlas correctamente.<\/strong><\/p>\n<\/div><div class=\"fusion-text fusion-text-5\"><p class=\"p1\">Ser\u00e1 necesaria una primera delimitaci\u00f3n del per\u00edmetro m\u00ednimo razonable del sistema, para desarrollar a continuaci\u00f3n los ejercicios de evaluaci\u00f3n de riesgos asociados a las casu\u00edsticas en cada uno de los bloques de normas.<\/p>\n<\/div><\/div><style type=\"text\/css\">.fusion-body .fusion-builder-column-3{width:50% !important;margin-top : 0px;margin-bottom : 20px;}.fusion-builder-column-3 > .fusion-column-wrapper {padding-top : 0px !important;padding-right : 0px !important;margin-right : 3.84%;padding-bottom : 0px !important;padding-left : 0px !important;margin-left : 3.84%;}@media only screen and (max-width:1024px) {.fusion-body .fusion-builder-column-3{width:50% !important;order : 0;}.fusion-builder-column-3 > .fusion-column-wrapper {margin-right : 3.84%;margin-left : 3.84%;}}@media only screen and (max-width:640px) {.fusion-body .fusion-builder-column-3{width:100% !important;order : 0;}.fusion-builder-column-3 > .fusion-column-wrapper {margin-right : 1.92%;margin-left : 1.92%;}}<\/style><\/div><\/div><style type=\"text\/css\">.fusion-body .fusion-flex-container.fusion-builder-row-3{ padding-top : 200px;margin-top : 0px;padding-right : 0px;padding-bottom : 200px;margin-bottom : 0px;padding-left : 0px;}<\/style><\/div><div class=\"fusion-bg-parallax\" data-bg-align=\"center center\" data-direction=\"up\" data-mute=\"false\" data-opacity=\"100\" data-velocity=\"-0.3\" data-mobile-enabled=\"true\" data-break_parents=\"0\" data-bg-image=\"https:\/\/legal-compliance.cat\/wp-content\/uploads\/2021\/09\/top-view-of-white-table-and-people-with-legal-pad-PJ5B8NV-scaled.jpg\" data-bg-repeat=\"false\" data-bg-gradient-type=\"linear\" data-bg-gradient-angle=\"153\" data-bg-gradient-start-color=\"rgba(108,17,54,0.29)\" data-bg-gradient-start-position=\"0\" data-bg-gradient-end-color=\"rgba(108,17,54,0.99)\" data-bg-gradient-end-position=\"100\" data-bg-radial-direction=\"center center\" ><\/div><div class=\"fusion-fullwidth fullwidth-box fusion-builder-row-4 fusion-flex-container fusion-parallax-up nonhundred-percent-fullwidth non-hundred-percent-height-scrolling\" style=\"background-color: rgba(255,255,255,0);background-image: url(&quot;https:\/\/legal-compliance.cat\/wp-content\/uploads\/2021\/09\/top-view-of-white-table-and-people-with-legal-pad-PJ5B8NV-scaled.jpg&quot;);background-image:linear-gradient(153deg, rgba(108,17,54,0.29) 0%,rgba(108,17,54,0.99) 100%),url(https:\/\/legal-compliance.cat\/wp-content\/uploads\/2021\/09\/top-view-of-white-table-and-people-with-legal-pad-PJ5B8NV-scaled.jpg);background-position: center center;background-repeat: no-repeat;border-width: 0px 0px 0px 0px;border-color:#e2e2e2;border-style:solid;-webkit-background-size:cover;-moz-background-size:cover;-o-background-size:cover;background-size:cover;\" ><div class=\"fusion-builder-row fusion-row fusion-flex-align-items-flex-start\" style=\"max-width:1248px;margin-left: calc(-4% \/ 2 );margin-right: calc(-4% \/ 2 );\"><div class=\"fusion-layout-column fusion_builder_column fusion-builder-column-4 fusion_builder_column_1_2 1_2 fusion-flex-column\"><div class=\"fusion-column-wrapper fusion-flex-justify-content-flex-start fusion-content-layout-column\" style=\"background-position:left top;background-repeat:no-repeat;-webkit-background-size:cover;-moz-background-size:cover;-o-background-size:cover;background-size:cover;padding: 0px 0px 0px 0px;\"><\/div><style type=\"text\/css\">.fusion-body .fusion-builder-column-4{width:50% !important;margin-top : 0px;margin-bottom : 20px;}.fusion-builder-column-4 > .fusion-column-wrapper {padding-top : 0px !important;padding-right : 0px !important;margin-right : 3.84%;padding-bottom : 0px !important;padding-left : 0px !important;margin-left : 3.84%;}@media only screen and (max-width:1024px) {.fusion-body .fusion-builder-column-4{width:50% !important;order : 0;}.fusion-builder-column-4 > .fusion-column-wrapper {margin-right : 3.84%;margin-left : 3.84%;}}@media only screen and (max-width:640px) {.fusion-body .fusion-builder-column-4{width:100% !important;order : 0;}.fusion-builder-column-4 > .fusion-column-wrapper {margin-right : 1.92%;margin-left : 1.92%;}}<\/style><\/div><div class=\"fusion-layout-column fusion_builder_column fusion-builder-column-5 fusion_builder_column_1_2 1_2 fusion-flex-column fusion-animated\" data-animationType=\"fadeInUp\" data-animationDuration=\"1.0\" data-animationOffset=\"top-into-view\"><div class=\"fusion-column-wrapper fusion-flex-justify-content-flex-start fusion-content-layout-column\" style=\"background-position:left top;background-repeat:no-repeat;-webkit-background-size:cover;-moz-background-size:cover;-o-background-size:cover;background-size:cover;padding: 0px 0px 0px 0px;\"><style type=\"text\/css\">@media only screen and (max-width:1024px) {.fusion-title.fusion-title-2{margin-top:10px!important; margin-right:0px!important;margin-bottom:15px!important;margin-left:0px!important;}}@media only screen and (max-width:640px) {.fusion-title.fusion-title-2{margin-top:10px!important; margin-right:0px!important;margin-bottom:10px!important; margin-left:0px!important;}}<\/style><div class=\"fusion-title title fusion-title-2 fusion-sep-none fusion-title-text fusion-title-size-three\" style=\"margin-top:10px;margin-right:0px;margin-bottom:15px;margin-left:0px;\"><h3 class=\"title-heading-left\" style=\"margin:0;color:#ffffff;\">ISO<\/h3><\/div><div class=\"fusion-text fusion-text-6\" style=\"color:#ffffff;\"><p class=\"p1\">La se\u00f1al de <b><i>I<\/i><\/b><i>nternational<\/i> <b><i>O<\/i><\/b><i>rganization for <\/i><b><i>S<\/i><\/b><i>tandardization<\/i> pasa a tener el car\u00e1cter de un proceso sujeto a certificaci\u00f3n y nos permite saber que nuestros proveedores, clientes y socios comerciales, funcionan en un patr\u00f3n de cumplimiento conocido compartido y validado internacionalmente.<\/p>\n<\/div><\/div><style type=\"text\/css\">.fusion-body .fusion-builder-column-5{width:50% !important;margin-top : 0px;margin-bottom : 20px;}.fusion-builder-column-5 > .fusion-column-wrapper {padding-top : 0px !important;padding-right : 0px !important;margin-right : 3.84%;padding-bottom : 0px !important;padding-left : 0px !important;margin-left : 3.84%;}@media only screen and (max-width:1024px) {.fusion-body .fusion-builder-column-5{width:50% !important;order : 0;}.fusion-builder-column-5 > .fusion-column-wrapper {margin-right : 3.84%;margin-left : 3.84%;}}@media only screen and (max-width:640px) {.fusion-body .fusion-builder-column-5{width:100% !important;order : 0;}.fusion-builder-column-5 > .fusion-column-wrapper {margin-right : 1.92%;margin-left : 1.92%;}}<\/style><\/div><\/div><style type=\"text\/css\">.fusion-body .fusion-flex-container.fusion-builder-row-4{ padding-top : 120px;margin-top : 0px;padding-right : 0px;padding-bottom : 120px;margin-bottom : 0px;padding-left : 0px;}<\/style><\/div><\/p>\n","protected":false},"excerpt":{"rendered":"","protected":false},"author":1,"featured_media":0,"parent":0,"menu_order":0,"comment_status":"closed","ping_status":"closed","template":"100-width.php","meta":{"footnotes":""},"class_list":["post-376","page","type-page","status-publish","hentry"],"yoast_head":"<!-- This site is optimized with the Yoast SEO plugin v19.9 - https:\/\/yoast.com\/wordpress\/plugins\/seo\/ -->\n<title>COMPLIANCE NORMATIVO - Legal&amp;Compliance<\/title>\n<meta name=\"robots\" content=\"index, follow, max-snippet:-1, max-image-preview:large, max-video-preview:-1\" \/>\n<link rel=\"canonical\" href=\"https:\/\/legal-compliance.cat\/es\/compliance-normativo\/\" \/>\n<meta property=\"og:locale\" content=\"es_ES\" \/>\n<meta property=\"og:type\" content=\"article\" \/>\n<meta property=\"og:title\" content=\"COMPLIANCE NORMATIVO - Legal&amp;Compliance\" \/>\n<meta property=\"og:url\" content=\"https:\/\/legal-compliance.cat\/es\/compliance-normativo\/\" \/>\n<meta property=\"og:site_name\" content=\"Legal&amp;Compliance\" \/>\n<meta property=\"article:modified_time\" content=\"2021-09-28T11:13:05+00:00\" \/>\n<meta name=\"twitter:card\" content=\"summary_large_image\" \/>\n<meta name=\"twitter:label1\" content=\"Tiempo de lectura\" \/>\n\t<meta name=\"twitter:data1\" content=\"15 minutos\" \/>\n<script type=\"application\/ld+json\" class=\"yoast-schema-graph\">{\"@context\":\"https:\/\/schema.org\",\"@graph\":[{\"@type\":\"WebPage\",\"@id\":\"https:\/\/legal-compliance.cat\/es\/compliance-normativo\/\",\"url\":\"https:\/\/legal-compliance.cat\/es\/compliance-normativo\/\",\"name\":\"COMPLIANCE NORMATIVO - Legal&amp;Compliance\",\"isPartOf\":{\"@id\":\"https:\/\/legal-compliance.cat\/#website\"},\"datePublished\":\"2021-09-28T08:22:24+00:00\",\"dateModified\":\"2021-09-28T11:13:05+00:00\",\"breadcrumb\":{\"@id\":\"https:\/\/legal-compliance.cat\/es\/compliance-normativo\/#breadcrumb\"},\"inLanguage\":\"es\",\"potentialAction\":[{\"@type\":\"ReadAction\",\"target\":[\"https:\/\/legal-compliance.cat\/es\/compliance-normativo\/\"]}]},{\"@type\":\"BreadcrumbList\",\"@id\":\"https:\/\/legal-compliance.cat\/es\/compliance-normativo\/#breadcrumb\",\"itemListElement\":[{\"@type\":\"ListItem\",\"position\":1,\"name\":\"Inici\",\"item\":\"https:\/\/legal-compliance.cat\/\"},{\"@type\":\"ListItem\",\"position\":2,\"name\":\"COMPLIANCE NORMATIVO\"}]},{\"@type\":\"WebSite\",\"@id\":\"https:\/\/legal-compliance.cat\/#website\",\"url\":\"https:\/\/legal-compliance.cat\/\",\"name\":\"Legal&amp;Compliance\",\"description\":\"Legal&amp;Compliance\",\"potentialAction\":[{\"@type\":\"SearchAction\",\"target\":{\"@type\":\"EntryPoint\",\"urlTemplate\":\"https:\/\/legal-compliance.cat\/?s={search_term_string}\"},\"query-input\":\"required name=search_term_string\"}],\"inLanguage\":\"es\"}]}<\/script>\n<!-- \/ Yoast SEO plugin. -->","yoast_head_json":{"title":"COMPLIANCE NORMATIVO - Legal&amp;Compliance","robots":{"index":"index","follow":"follow","max-snippet":"max-snippet:-1","max-image-preview":"max-image-preview:large","max-video-preview":"max-video-preview:-1"},"canonical":"https:\/\/legal-compliance.cat\/es\/compliance-normativo\/","og_locale":"es_ES","og_type":"article","og_title":"COMPLIANCE NORMATIVO - Legal&amp;Compliance","og_url":"https:\/\/legal-compliance.cat\/es\/compliance-normativo\/","og_site_name":"Legal&amp;Compliance","article_modified_time":"2021-09-28T11:13:05+00:00","twitter_card":"summary_large_image","twitter_misc":{"Tiempo de lectura":"15 minutos"},"schema":{"@context":"https:\/\/schema.org","@graph":[{"@type":"WebPage","@id":"https:\/\/legal-compliance.cat\/es\/compliance-normativo\/","url":"https:\/\/legal-compliance.cat\/es\/compliance-normativo\/","name":"COMPLIANCE NORMATIVO - Legal&amp;Compliance","isPartOf":{"@id":"https:\/\/legal-compliance.cat\/#website"},"datePublished":"2021-09-28T08:22:24+00:00","dateModified":"2021-09-28T11:13:05+00:00","breadcrumb":{"@id":"https:\/\/legal-compliance.cat\/es\/compliance-normativo\/#breadcrumb"},"inLanguage":"es","potentialAction":[{"@type":"ReadAction","target":["https:\/\/legal-compliance.cat\/es\/compliance-normativo\/"]}]},{"@type":"BreadcrumbList","@id":"https:\/\/legal-compliance.cat\/es\/compliance-normativo\/#breadcrumb","itemListElement":[{"@type":"ListItem","position":1,"name":"Inici","item":"https:\/\/legal-compliance.cat\/"},{"@type":"ListItem","position":2,"name":"COMPLIANCE NORMATIVO"}]},{"@type":"WebSite","@id":"https:\/\/legal-compliance.cat\/#website","url":"https:\/\/legal-compliance.cat\/","name":"Legal&amp;Compliance","description":"Legal&amp;Compliance","potentialAction":[{"@type":"SearchAction","target":{"@type":"EntryPoint","urlTemplate":"https:\/\/legal-compliance.cat\/?s={search_term_string}"},"query-input":"required name=search_term_string"}],"inLanguage":"es"}]}},"_links":{"self":[{"href":"https:\/\/legal-compliance.cat\/es\/wp-json\/wp\/v2\/pages\/376","targetHints":{"allow":["GET"]}}],"collection":[{"href":"https:\/\/legal-compliance.cat\/es\/wp-json\/wp\/v2\/pages"}],"about":[{"href":"https:\/\/legal-compliance.cat\/es\/wp-json\/wp\/v2\/types\/page"}],"author":[{"embeddable":true,"href":"https:\/\/legal-compliance.cat\/es\/wp-json\/wp\/v2\/users\/1"}],"replies":[{"embeddable":true,"href":"https:\/\/legal-compliance.cat\/es\/wp-json\/wp\/v2\/comments?post=376"}],"version-history":[{"count":4,"href":"https:\/\/legal-compliance.cat\/es\/wp-json\/wp\/v2\/pages\/376\/revisions"}],"predecessor-version":[{"id":428,"href":"https:\/\/legal-compliance.cat\/es\/wp-json\/wp\/v2\/pages\/376\/revisions\/428"}],"wp:attachment":[{"href":"https:\/\/legal-compliance.cat\/es\/wp-json\/wp\/v2\/media?parent=376"}],"curies":[{"name":"wp","href":"https:\/\/api.w.org\/{rel}","templated":true}]}}